{"id":4325,"date":"2016-02-03T13:09:07","date_gmt":"2016-02-03T12:09:07","guid":{"rendered":"http:\/\/democontent.codex-themes.com\/thegem-agencies\/?page_id=4325"},"modified":"2019-09-27T13:48:51","modified_gmt":"2019-09-27T11:48:51","slug":"recommendations","status":"publish","type":"page","link":"https:\/\/coti-conference.com\/en\/recommendations\/","title":{"rendered":"Recommendations"},"content":{"rendered":"<section class=\"wpb-content-wrapper\"><p>[vc_row][vc_column]<div class=\"clearboth\"><\/div><style>#thegem-divider-69fafe8b4c7d3 {margin-top: 40px !important;}<\/style><div id=\"thegem-divider-69fafe8b4c7d3\" class=\"gem-divider  \" style=\"\" ><\/div>[\/vc_column][\/vc_row][vc_row][vc_column width=&#8221;3\/4&#8243;]<div class=\"clearboth\"><\/div><style>#thegem-divider-69fafe8b4c884 {margin-top: -10px !important;}<\/style><div id=\"thegem-divider-69fafe8b4c884\" class=\"gem-divider  \" style=\"\" ><\/div>[vc_column_text]<\/p>\n<h2>IT IS ALWAYS A PLEASURE<\/h2>\n<p>[\/vc_column_text]<div class=\"clearboth\"><\/div><style>#thegem-divider-69fafe8b4c892 {margin-top: 38px !important;}<\/style><div id=\"thegem-divider-69fafe8b4c892\" class=\"gem-divider  \" style=\"\" ><\/div>[vc_row_inner][vc_column_inner][vc_column_text]When we start working on a new event, there are dozens of questions, tasks, problems to solve, hundreds of smaller and bigger challenges, and stress builds up every day, reaching the climax just before the event. Throughout all the event, adrenaline does not leave us even for a moment. Stress and satisfaction are essential elements of our work. Therefore, each form of an acknowledgement that customers send us is for Coti Conference a moment of joy and the satisfaction of our customers, their guests and participants of events allow us to feel satisfied with the job well done. <strong>It is always a pleasure<\/strong> to read an acknowledgement when our customer is satisfied with our work.[\/vc_column_text][\/vc_column_inner][\/vc_row_inner][vc_row_inner][vc_column_inner]<div class=\"clearboth\"><\/div><style>#thegem-divider-69fafe8b4c89c {margin-top: 37px !important;}<\/style><div id=\"thegem-divider-69fafe8b4c89c\" class=\"gem-divider  \" style=\"\" ><\/div>[vc_column_text]<\/p>\n<h2 style=\"text-align: center;\">Customers about us<\/h2>\n<p>[\/vc_column_text]<div class=\"preloader\"><div class=\"preloader-spin\"><\/div><\/div><div class=\"size-small style2 gem-testimonials\" style=background-color:> <div id=\"post-23832\" class=\"gem-testimonial-item post-23832 thegem_testimonial type-thegem_testimonial status-publish has-post-thumbnail\"> <div class=\"gem-testimonial-wrapper \"> <div class=\"gem-testimonial-image\"> <img width=\"80\" height=\"80\" src=\"https:\/\/coti-conference.com\/en\/wp-content\/uploads\/2016\/04\/testimonial-team-thegem-person-80.jpg\" class=\"img-responsive img-circle wp-post-image\" alt=\"testimonial-team (Demo)\" srcset=\"https:\/\/coti-conference.com\/en\/wp-content\/uploads\/2016\/04\/testimonial-team-thegem-testimonial.jpg 2x\" sizes=\"100vw\" loading=\"lazy\" \/> <\/div> <div class=\"gem-testimonial-content\"> <div class=\"gem-testimonial-name\" >Brock G. Chittim<\/div> <div class=\"gem-testimonial-company\" >Wellington Labolatories<\/div> <div class=\"gem-testimonial-position\" >President<\/div> <div class=\"gem-testimonial-text\" > <p>We can only say that we were extremely pleased with our exhibit, the dinner, the lunch meeting, and finally, the customer appreciation dinner. We received nothing but compliments from many of our guests that attended the dinner. Without hesitation, we highly recommend Anna Inglot and her colleagues for the planning, organization and staging of conferences, meetings and events such as ours.<\/p> <\/div> <\/div> <\/div> <\/div> <div id=\"post-23833\" class=\"gem-testimonial-item post-23833 thegem_testimonial type-thegem_testimonial status-publish has-post-thumbnail\"> <div class=\"gem-testimonial-wrapper \"> <div class=\"gem-testimonial-image\"> <img width=\"80\" height=\"80\" src=\"https:\/\/coti-conference.com\/en\/wp-content\/uploads\/2016\/04\/testimonial-team-thegem-person-80.jpg\" class=\"img-responsive img-circle wp-post-image\" alt=\"testimonial-team (Demo)\" srcset=\"https:\/\/coti-conference.com\/en\/wp-content\/uploads\/2016\/04\/testimonial-team-thegem-testimonial.jpg 2x\" sizes=\"100vw\" loading=\"lazy\" \/> <\/div> <div class=\"gem-testimonial-content\"> <div class=\"gem-testimonial-name\" >Fabrizio Scarpa<\/div> <div class=\"gem-testimonial-position\" >Professor of Smart Materials and Structures<\/div> <div class=\"gem-testimonial-text\" > <p>Just to say that we should again congratulate Tadeusz and Wieslaw, together with Marta and Anna for the impeccable organisation. The conference has been really interesting, and set in a really wonderful venue. Plenty of food for thought and engaging discussions.<\/p> <\/div> <\/div> <\/div> <\/div> <div id=\"post-24741\" class=\"gem-testimonial-item post-24741 thegem_testimonial type-thegem_testimonial status-publish\"> <div class=\"gem-testimonial-wrapper \"> <div class=\"gem-testimonial-image\"> <\/div> <div class=\"gem-testimonial-content\"> <div class=\"gem-testimonial-name\" >Tadeusz Franaszek<\/div> <div class=\"gem-testimonial-company\" >Polish Foundrymen Technical Association<\/div> <div class=\"gem-testimonial-position\" >President<\/div> <div class=\"gem-testimonial-text\" > <p>COTI Conference company duly and timely fulfilled the tasks entrusted to it, all the more so the project was carried out for about 1000 people from around the world and required registration of about 400 abstracts.<\/p> <\/div> <\/div> <\/div> <\/div> <div id=\"post-24752\" class=\"gem-testimonial-item post-24752 thegem_testimonial type-thegem_testimonial status-publish\"> <div class=\"gem-testimonial-wrapper \"> <div class=\"gem-testimonial-image\"> <\/div> <div class=\"gem-testimonial-content\"> <div class=\"gem-testimonial-name\" >Agnieszka Mosurek-Zava<\/div> <div class=\"gem-testimonial-company\" >Douglas Poland<\/div> <div class=\"gem-testimonial-position\" >Member of the Management Board<\/div> <div class=\"gem-testimonial-text\" > <p>We would like to express our special thanks to Anna Inglot, who made a lot of efforts to provide the highest quality of services and perfectly worked out the logistics of the whole meeting. I would like to sincerely thank and recommend Coti Conference as a trustworthy partner.<\/p> <\/div> <\/div> <\/div> <\/div> <div id=\"post-25216\" class=\"gem-testimonial-item post-25216 thegem_testimonial type-thegem_testimonial status-publish\"> <div class=\"gem-testimonial-wrapper \"> <div class=\"gem-testimonial-image\"> <\/div> <div class=\"gem-testimonial-content\"> <div class=\"gem-testimonial-name\" >Martina F\u00fcrmetz<\/div> <div class=\"gem-testimonial-company\" >National Instruments<\/div> <div class=\"gem-testimonial-position\" >Event Specialist<\/div> <div class=\"gem-testimonial-text\" > <p>Working with Anna and her team was highly professional and very enjoyable. They are flexible, quick in response and find a solution for everything needed. The local knowledge of the area and network of Anna was very helpful for us to organize an outstanding event which will be memorable for us as organizers but most important for our customers. I can highly recommend working with Anna and her team, since they provide everything and even more than it is expected from an event agency.\u201d<\/p> <\/div> <\/div> <\/div> <\/div> <div class=\"testimonials_svg\"><svg style=\"fill: \" width=\"100\" height=\"50\"><path d=\"M 0,-1 Q 45,5 50,50 Q 55,5 100,-1\" \/><\/svg><\/div><\/div><div class=\"clearboth\"><\/div><style>#thegem-divider-69fafe8b4e47a {margin-top: 50px !important;}<\/style><div id=\"thegem-divider-69fafe8b4e47a\" class=\"gem-divider  \" style=\"\" ><\/div>[\/vc_column_inner][\/vc_row_inner][\/vc_column][vc_column width=&#8221;1\/4&#8243;]<div class=\"gem-textbox \"  ><div class=\"gem-textbox-inner\" style=\"border: 2px solid #b6c6c9;\"><div class=\"gem-textbox-content\" style=\"background-position: center top;padding-top: 72px;\"><div class=\"centered-box\"><div class=\"gem-icon gem-icon-pack-material gem-icon-size-medium  gem-icon-shape-circle\"  style=\"border-color: #26ade4;opacity: 1;\"><div class=\"gem-icon-inner\" style=\"\"><span class=\"gem-icon-half-1\" style=\"color: #26ade4;\"><span class=\"back-angle\">&#xf254;<\/span><\/span><span class=\"gem-icon-half-2\" style=\"color: #26ade4;\"><span class=\"back-angle\">&#xf254;<\/span><\/span><\/div><\/div><\/div><div class=\"clearboth\"><\/div><style>#thegem-divider-69fafe8b4e4df {margin-top: 73px !important;}<\/style><div id=\"thegem-divider-69fafe8b4e4df\" class=\"gem-divider  \" style=\"\" ><\/div>[vc_column_text]<\/p>\n<h5 style=\"text-align: center;\"><span style=\"color: #99a9b5;\">We&#8217;re gonna tailor the event to any terms and conditions<\/span><\/h5>\n<p>[\/vc_column_text]<div class=\"clearboth\"><\/div><style>#thegem-divider-69fafe8b4e4e8 {margin-top: -6px !important;}<\/style><div id=\"thegem-divider-69fafe8b4e4e8\" class=\"gem-divider  \" style=\"\" ><\/div>[vc_column_text]<\/p>\n<p style=\"text-align: center;\">We will help you to define your requirements and propose optimal solutions.<\/p>\n<p>[\/vc_column_text]<div class=\"clearboth\"><\/div><style>#thegem-divider-69fafe8b4e4ef {margin-top: -2px !important;}<\/style><div id=\"thegem-divider-69fafe8b4e4ef\" class=\"gem-divider  \" style=\"\" ><\/div><div class=\"gem-button-container gem-button-position-center thegem-button-69fafe8b4e53e8470    \"  ><a class=\"gem-button gem-button-size-tiny gem-button-style-outline gem-button-text-weight-normal gem-button-border-2\" data-ll-effect=\"drop-right-without-wrap\" style=\"border-radius: 3px;border-color: #99a9b5;color: #99a9b5;\" onmouseleave=\"this.style.borderColor='#99a9b5';this.style.backgroundColor='transparent';this.style.color='#99a9b5';\" onmouseenter=\"this.style.borderColor='#ffb932';this.style.backgroundColor='#ffffff';this.style.color='#ffb932';\" href=\"http:\/\/en\/contact\/\" target=\"_self\">Let&#039;s meet!<\/a><\/div> <\/div><\/div><\/div>[vc_single_image image=&#8221;24743&#8243; img_size=&#8221;full&#8221;][\/vc_column][\/vc_row]<\/p>\n<\/section>","protected":false},"excerpt":{"rendered":"<p>[vc_row][vc_column][\/vc_column][\/vc_row][vc_row][vc_column width=&#8221;3\/4&#8243;][vc_column_text] IT IS ALWAYS A PLEASURE [\/vc_column_text][vc_row_inner][vc_column_inner][vc_column_text]When we start working on a new event, there are dozens of questions,&#8230;<\/p>\n","protected":false},"author":1,"featured_media":0,"parent":0,"menu_order":17,"comment_status":"closed","ping_status":"closed","template":"","meta":[],"yoast_head":"<!-- This site is optimized with the Yoast SEO plugin v19.14 - https:\/\/yoast.com\/wordpress\/plugins\/seo\/ -->\n<title>Recommendations | Coti-Conference<\/title>\n<meta name=\"description\" content=\"It is pure pleasure to see that customers are satisfied with our services. Get to know our references and contact us! | Coti-Conference\" \/>\n<meta name=\"robots\" content=\"index, follow, max-snippet:-1, max-image-preview:large, max-video-preview:-1\" \/>\n<link rel=\"canonical\" href=\"https:\/\/coti-conference.com\/en\/recommendations\/\" \/>\n<meta property=\"og:locale\" content=\"pl_PL\" \/>\n<meta property=\"og:type\" content=\"article\" \/>\n<meta property=\"og:title\" content=\"Recommendations | Coti-Conference\" \/>\n<meta property=\"og:description\" content=\"It is pure pleasure to see that customers are satisfied with our services. Get to know our references and contact us! | Coti-Conference\" \/>\n<meta property=\"og:url\" content=\"https:\/\/coti-conference.com\/en\/recommendations\/\" \/>\n<meta property=\"og:site_name\" content=\"Coti Conference | Organizacja kongres\u00f3w| Konferencji | Event\u00f3w firmowych\" \/>\n<meta property=\"article:modified_time\" content=\"2019-09-27T11:48:51+00:00\" \/>\n<meta name=\"twitter:card\" content=\"summary_large_image\" \/>\n<meta name=\"twitter:label1\" content=\"Szacowany czas czytania\" \/>\n\t<meta name=\"twitter:data1\" content=\"2 minuty\" \/>\n<script type=\"application\/ld+json\" class=\"yoast-schema-graph\">{\"@context\":\"https:\/\/schema.org\",\"@graph\":[{\"@type\":\"WebPage\",\"@id\":\"https:\/\/coti-conference.com\/en\/recommendations\/\",\"url\":\"https:\/\/coti-conference.com\/en\/recommendations\/\",\"name\":\"Recommendations | Coti-Conference\",\"isPartOf\":{\"@id\":\"https:\/\/coti-conference.com\/en\/#website\"},\"datePublished\":\"2016-02-03T12:09:07+00:00\",\"dateModified\":\"2019-09-27T11:48:51+00:00\",\"description\":\"It is pure pleasure to see that customers are satisfied with our services. Get to know our references and contact us! | Coti-Conference\",\"breadcrumb\":{\"@id\":\"https:\/\/coti-conference.com\/en\/recommendations\/#breadcrumb\"},\"inLanguage\":\"pl-PL\",\"potentialAction\":[{\"@type\":\"ReadAction\",\"target\":[\"https:\/\/coti-conference.com\/en\/recommendations\/\"]}]},{\"@type\":\"BreadcrumbList\",\"@id\":\"https:\/\/coti-conference.com\/en\/recommendations\/#breadcrumb\",\"itemListElement\":[{\"@type\":\"ListItem\",\"position\":1,\"name\":\"Strona g\u0142\u00f3wna\",\"item\":\"https:\/\/coti-conference.com\/en\/\"},{\"@type\":\"ListItem\",\"position\":2,\"name\":\"Recommendations\"}]},{\"@type\":\"WebSite\",\"@id\":\"https:\/\/coti-conference.com\/en\/#website\",\"url\":\"https:\/\/coti-conference.com\/en\/\",\"name\":\"Coti Conference | Organizacja kongres\u00f3w| Konferencji | Event\u00f3w firmowych\",\"description\":\"Profesjonalna organizacji kongres\u00f3w i konferencji naukowych i specjalistycznych. Pe\u0142na obs\u0142uga finansowa wydarze\u0144 i unikalny system oceny artyku\u0142\u00f3w. Formu\u0142a od A do Z.\",\"potentialAction\":[{\"@type\":\"SearchAction\",\"target\":{\"@type\":\"EntryPoint\",\"urlTemplate\":\"https:\/\/coti-conference.com\/en\/?s={search_term_string}\"},\"query-input\":\"required name=search_term_string\"}],\"inLanguage\":\"pl-PL\"}]}<\/script>\n<!-- \/ Yoast SEO plugin. -->","yoast_head_json":{"title":"Recommendations | Coti-Conference","description":"It is pure pleasure to see that customers are satisfied with our services. Get to know our references and contact us! | Coti-Conference","robots":{"index":"index","follow":"follow","max-snippet":"max-snippet:-1","max-image-preview":"max-image-preview:large","max-video-preview":"max-video-preview:-1"},"canonical":"https:\/\/coti-conference.com\/en\/recommendations\/","og_locale":"pl_PL","og_type":"article","og_title":"Recommendations | Coti-Conference","og_description":"It is pure pleasure to see that customers are satisfied with our services. Get to know our references and contact us! | Coti-Conference","og_url":"https:\/\/coti-conference.com\/en\/recommendations\/","og_site_name":"Coti Conference | Organizacja kongres\u00f3w| Konferencji | Event\u00f3w firmowych","article_modified_time":"2019-09-27T11:48:51+00:00","twitter_card":"summary_large_image","twitter_misc":{"Szacowany czas czytania":"2 minuty"},"schema":{"@context":"https:\/\/schema.org","@graph":[{"@type":"WebPage","@id":"https:\/\/coti-conference.com\/en\/recommendations\/","url":"https:\/\/coti-conference.com\/en\/recommendations\/","name":"Recommendations | Coti-Conference","isPartOf":{"@id":"https:\/\/coti-conference.com\/en\/#website"},"datePublished":"2016-02-03T12:09:07+00:00","dateModified":"2019-09-27T11:48:51+00:00","description":"It is pure pleasure to see that customers are satisfied with our services. Get to know our references and contact us! | Coti-Conference","breadcrumb":{"@id":"https:\/\/coti-conference.com\/en\/recommendations\/#breadcrumb"},"inLanguage":"pl-PL","potentialAction":[{"@type":"ReadAction","target":["https:\/\/coti-conference.com\/en\/recommendations\/"]}]},{"@type":"BreadcrumbList","@id":"https:\/\/coti-conference.com\/en\/recommendations\/#breadcrumb","itemListElement":[{"@type":"ListItem","position":1,"name":"Strona g\u0142\u00f3wna","item":"https:\/\/coti-conference.com\/en\/"},{"@type":"ListItem","position":2,"name":"Recommendations"}]},{"@type":"WebSite","@id":"https:\/\/coti-conference.com\/en\/#website","url":"https:\/\/coti-conference.com\/en\/","name":"Coti Conference | Organizacja kongres\u00f3w| Konferencji | Event\u00f3w firmowych","description":"Profesjonalna organizacji kongres\u00f3w i konferencji naukowych i specjalistycznych. Pe\u0142na obs\u0142uga finansowa wydarze\u0144 i unikalny system oceny artyku\u0142\u00f3w. Formu\u0142a od A do Z.","potentialAction":[{"@type":"SearchAction","target":{"@type":"EntryPoint","urlTemplate":"https:\/\/coti-conference.com\/en\/?s={search_term_string}"},"query-input":"required name=search_term_string"}],"inLanguage":"pl-PL"}]}},"_links":{"self":[{"href":"https:\/\/coti-conference.com\/en\/wp-json\/wp\/v2\/pages\/4325"}],"collection":[{"href":"https:\/\/coti-conference.com\/en\/wp-json\/wp\/v2\/pages"}],"about":[{"href":"https:\/\/coti-conference.com\/en\/wp-json\/wp\/v2\/types\/page"}],"author":[{"embeddable":true,"href":"https:\/\/coti-conference.com\/en\/wp-json\/wp\/v2\/users\/1"}],"replies":[{"embeddable":true,"href":"https:\/\/coti-conference.com\/en\/wp-json\/wp\/v2\/comments?post=4325"}],"version-history":[{"count":27,"href":"https:\/\/coti-conference.com\/en\/wp-json\/wp\/v2\/pages\/4325\/revisions"}],"predecessor-version":[{"id":25448,"href":"https:\/\/coti-conference.com\/en\/wp-json\/wp\/v2\/pages\/4325\/revisions\/25448"}],"wp:attachment":[{"href":"https:\/\/coti-conference.com\/en\/wp-json\/wp\/v2\/media?parent=4325"}],"curies":[{"name":"wp","href":"https:\/\/api.w.org\/{rel}","templated":true}]}}