{"id":13412,"date":"2016-03-17T16:21:03","date_gmt":"2016-03-17T15:21:03","guid":{"rendered":"http:\/\/democontent.codex-themes.com\/thegem-agencies\/?page_id=13412"},"modified":"2024-12-21T11:32:45","modified_gmt":"2024-12-21T10:32:45","slug":"contact","status":"publish","type":"page","link":"https:\/\/coti-conference.com\/en\/contact\/","title":{"rendered":"Contact"},"content":{"rendered":"<section class=\"wpb-content-wrapper\"><p>[vc_row css=&#8221;.vc_custom_1458232460397{margin-bottom: 0px !important;}&#8221;][vc_column]<div class=\"clearboth\"><\/div><style>#thegem-divider-69d0a91f5e8e0 {margin-top: 40px !important;}<\/style><div id=\"thegem-divider-69d0a91f5e8e0\" class=\"gem-divider  \" style=\"\" ><\/div>[\/vc_column][\/vc_row][vc_row][vc_column width=&#8221;1\/2&#8243;][vc_column_text]<\/p>\n<h2>Let&#8217;s get to know each other<\/h2>\n<p>[\/vc_column_text]<div class=\"clearboth\"><\/div><style>#thegem-divider-69d0a91f5e9af {margin-top: 1px !important;}<\/style><div id=\"thegem-divider-69d0a91f5e9af\" class=\"gem-divider  \" style=\"\" ><\/div>[vc_column_text]<span class=\"lt-line-clamp__line\">Ladies and Gentlemen, our solutions, experience and ideas will meet the requirements of any project, even a huge one. We create events and conferences with passion.<\/span><span class=\"lt-line-clamp__line lt-line-clamp__line--last\">We invite you to cooperate with us!<\/span>[\/vc_column_text][vc_row_inner][vc_column_inner][vc_column_text]<\/p>\n<div class=\"gem-contacts-item gem-contacts-phone\">Telephone: +48-504-004-517<\/div>\n<div class=\"gem-contacts-item gem-contacts-email\">Email: <a href=\"mailto:office@coti-conference.com\" target=\"_blank\" rel=\"noopener noreferrer\">office@coti-conference.com<\/a><\/div>\n<div class=\"gem-contacts-item gem-contacts-website\"><\/div>\n<p>[\/vc_column_text][\/vc_column_inner][\/vc_row_inner][vc_row_inner][vc_column_inner width=&#8221;1\/2&#8243;][vc_column_text]<\/p>\n<div class=\"gem-contacts-item gem-contacts-address\"><strong>COMPANY DATA<\/strong><\/div>\n<p>[\/vc_column_text][vc_column_text]<\/p>\n<div class=\"gem-contacts-item gem-contacts-address\">Coti Conference Time<br \/>\n31-623 Krak\u00f3w, Piast\u00f3w 4\/53<br \/>\nNIP (Taxpayer Identification Number) 551-153-64-48<br \/>\nREGON (STATISTICAL NO.) 122818358<\/div>\n<p>[\/vc_column_text][\/vc_column_inner][vc_column_inner width=&#8221;1\/2&#8243;][\/vc_column_inner][\/vc_row_inner][\/vc_column][vc_column width=&#8221;1\/2&#8243;]<div class=\"gem-team row inline-row gem-team-style-6\" > <div class=\"col-xs-12 inline-column\"> <div id=\"post-23835\" class=\"team-person default-background post-23835 thegem_team_person type-thegem_team_person status-publish has-post-thumbnail\" style=\" \"><div class=\"team-person-hover\"> <div class=\"team-person-box clearfix\"> <div class=\"team-person-box-left\"><div class=\"team-person-image\"><img width=\"80\" height=\"80\" src=\"https:\/\/coti-conference.com\/en\/wp-content\/uploads\/2016\/04\/testimonial-team-thegem-person-80.jpg\" class=\"img-responsive wp-post-image\" alt=\"testimonial-team (Demo)\" srcset=\"https:\/\/coti-conference.com\/en\/wp-content\/uploads\/2016\/04\/testimonial-team-thegem-person.jpg 2x\" sizes=\"100vw\" loading=\"lazy\" \/><\/div><\/div> <div class=\"team-person-box-right\"> <div class=\"team-person-info\"> <div class=\"team-person-name styled-subtitle\" >Anna Inglot<\/div> <div class=\"team-person-position date-color\" >MICE Manager<\/div> <div class=\"gem-styled-color-1\"><div class=\"team-person-phone title-h6\"><a href=\"tel:+48-504-004-517\">+48-504-004-517<\/a><\/div><\/div> <\/div> <div class=\"socials team-person-socials socials-colored-hover\"><a title=\"LinkedIn\" target=\"_blank\" href=\"https:\/\/www.linkedin.com\/in\/anna-inglot-3067804\/\" class=\"socials-item\"><i class=\"socials-item-icon social-item-rounded linkedin\"><\/i><\/a><\/div> <\/div> <\/div> <\/div><\/div> <\/div> <div class=\"col-xs-12 inline-column\"> <div id=\"post-24717\" class=\"team-person default-background post-24717 thegem_team_person type-thegem_team_person status-publish has-post-thumbnail\" style=\" \"><div class=\"team-person-hover\"> <div class=\"team-person-box clearfix\"> <div class=\"team-person-box-left\"><div class=\"team-person-image\"><img width=\"80\" height=\"80\" src=\"https:\/\/coti-conference.com\/en\/wp-content\/uploads\/2016\/04\/testimonial-team-thegem-person-80.jpg\" class=\"img-responsive wp-post-image\" alt=\"testimonial-team (Demo)\" srcset=\"https:\/\/coti-conference.com\/en\/wp-content\/uploads\/2016\/04\/testimonial-team-thegem-person.jpg 2x\" sizes=\"100vw\" loading=\"lazy\" \/><\/div><\/div> <div class=\"team-person-box-right\"> <div class=\"team-person-info\"> <div class=\"team-person-name styled-subtitle\" >Marta Polak<\/div> <div class=\"team-person-position date-color\" >Project Manager<\/div> <div class=\"gem-styled-color-1\"><div class=\"team-person-phone title-h6\"><a href=\"tel:+48-504-004-517\">+48-504-004-517<\/a><\/div><\/div> <\/div> <div class=\"socials team-person-socials socials-colored-hover\"><a title=\"LinkedIn\" target=\"_blank\" href=\"https:\/\/www.linkedin.com\/in\/marta-polak-0646a1175\/\" class=\"socials-item\"><i class=\"socials-item-icon social-item-rounded linkedin\"><\/i><\/a><\/div> <\/div> <\/div> <\/div><\/div> <\/div> <\/div>[\/vc_column][\/vc_row][vc_row css=&#8221;.vc_custom_1458284999205{margin-bottom: 0px !important;}&#8221;][vc_column][vc_empty_space height=&#8221;70px&#8221;]<div id=\"fullwidth-block-69d0a91f5ff3b\" class=\"fullwidth-block clearfix\"  style=\"background-color: #26ade4;padding-top: 65px;padding-bottom: 65px;padding-right: 65px;\"><script type=\"text\/javascript\">if (typeof(gem_fix_fullwidth_position) == \"function\") { gem_fix_fullwidth_position(document.getElementById(\"fullwidth-block-69d0a91f5ff3b\")); }<\/script><div class=\"fullwidth-block-inner\"><div class=\"container\">[vc_row_inner][vc_column_inner css=&#8221;.vc_custom_1458238230735{margin-top: 10px !important;}&#8221; offset=&#8221;vc_col-lg-4 vc_col-md-6&#8243;]<div class=\"centered-box gem-image-centered-box\"><div class=\"gem-image gem-wrapbox gem-wrapbox-style-default gem-wrapbox-position-centered\"  style=\"\"><div class=\"gem-wrapbox-inner \" ><img class=\"gem-wrapbox-element img-responsive\" src=\"https:\/\/coti-conference.com\/en\/wp-content\/uploads\/2019\/03\/logo-whoite-coti-small.png\" alt=\"\"\/><\/div><\/div><\/div>[\/vc_column_inner][vc_column_inner css=&#8221;.vc_custom_1458238263931{margin-top: 37px !important;}&#8221; offset=&#8221;vc_col-lg-6 vc_col-md-6&#8243;][vc_column_text]<\/p>\n<div class=\"styled-subtitle\" style=\"text-align: center;\"><span style=\"color: #3d3950;\">Questions? Doubts? Let&#8217;s talk!<\/span><\/div>\n<p>[\/vc_column_text][\/vc_column_inner][vc_column_inner offset=&#8221;vc_col-lg-2 vc_col-md-12&#8243;]<div class=\"gem-button-container gem-button-position-center thegem-button-69d0a91f600c12726    \"  ><a class=\"gem-button gem-button-size-medium gem-button-style-outline gem-button-text-weight-normal gem-button-border-3\" data-ll-effect=\"drop-right-without-wrap\" style=\"border-radius: 0px;border-color: #3d3950;color: #3d3950;\" onmouseleave=\"this.style.borderColor='#3d3950';this.style.backgroundColor='transparent';this.style.color='#3d3950';\" onmouseenter=\"this.style.backgroundColor='#3d3950';this.style.color='#ffffff';\" href=\"tel:+48-504-004-517\" target=\"_self\">Mobile 504-004-517<\/a><\/div> [\/vc_column_inner][\/vc_row_inner]<\/div><\/div><\/div>[\/vc_column][\/vc_row][vc_row css=&#8221;.vc_custom_1458285005701{margin-bottom: 0px !important;}&#8221;][vc_column css=&#8221;.vc_custom_1461423401133{margin-bottom: -1px !important;padding-right: 0px !important;padding-left: 0px !important;}&#8221;]<div id=\"fullwidth-block-69d0a91f6029e\" class=\"fullwidth-block clearfix\"  style=\"\"><script type=\"text\/javascript\">if (typeof(gem_fix_fullwidth_position) == \"function\") { gem_fix_fullwidth_position(document.getElementById(\"fullwidth-block-69d0a91f6029e\")); }<\/script><div class=\"fullwidth-block-background\" style=\"background-image: url(https:\/\/coti-conference.com\/en\/wp-content\/uploads\/2019\/03\/coti-kontakt-background.jpg);background-position: center top;\"><\/div><div class=\"fullwidth-block-inner\"><div class=\"container\">[vc_empty_space height=&#8221;75px&#8221;]<div class=\"gem-textbox \"  ><div class=\"gem-textbox-inner\" style=\"\"><div class=\"gem-textbox-content\" style=\"background-position: center top;\"><div class=\"gem-alert-box centered-box\"><div class=\"gem-alert-inner\"><div class=\"gem-alert-box-picture\"><div class=\"gem-icon gem-icon-pack-material gem-icon-size-medium  gem-icon-shape-circle\"  style=\"border-color: #ffcd46;opacity: 1;\"><div class=\"gem-icon-inner\" style=\"\"><span class=\"gem-icon-half-1\" style=\"color: #ffcd46;\"><span class=\"back-angle\">&#xf287;<\/span><\/span><span class=\"gem-icon-half-2\" style=\"color: #ffcd46;\"><span class=\"back-angle\">&#xf287;<\/span><\/span><\/div><\/div><\/div><div class=\"gem-alert-box-content\"><div class=\"clearboth\"><\/div><style>#thegem-divider-69d0a91f60354 {margin-top: 10px !important;}<\/style><div id=\"thegem-divider-69d0a91f60354\" class=\"gem-divider  \" style=\"\" ><\/div>[vc_column_text]<\/p>\n<div class=\"title-h2\" style=\"text-align: center;\"><span class=\"light\" style=\"color: #ffffff;\">REFERENCES<br \/>\nWE&#8217;RE NOT ASHAMED TO SHOW.<\/span><\/div>\n<p>[\/vc_column_text]<div class=\"clearboth\"><\/div><style>#thegem-divider-69d0a91f6035f {margin-top: 35px !important;}<\/style><div id=\"thegem-divider-69d0a91f6035f\" class=\"gem-divider  \" style=\"\" ><\/div>[vc_row_inner][vc_column_inner offset=&#8221;vc_col-lg-offset-1 vc_col-lg-10&#8243;][vc_column_text]<\/p>\n<p style=\"text-align: center;\"><span style=\"color: white;\">Excellent references in the event and conference industry is an element that we can boast of. We do our best to ensure that every event organized by Coti Conference is at a world-class level and is prepared in every detail. <\/span><\/p>\n<p>[\/vc_column_text][\/vc_column_inner][\/vc_row_inner]<div class=\"clearboth\"><\/div><style>#thegem-divider-69d0a91f60366 {margin-top: 20px !important;}<\/style><div id=\"thegem-divider-69d0a91f60366\" class=\"gem-divider  \" style=\"\" ><\/div><\/div><div class=\"gem-alert-box-buttons\"><div class=\"gem-button-container gem-button-position-inline thegem-button-69d0a91f602f58666    \"  ><a title=\"Recommendations\" class=\"gem-button gem-button-size-medium gem-button-style-outline gem-button-text-weight-normal gem-button-border-3\" data-ll-effect=\"drop-right-without-wrap\" style=\"border-radius: 0px;border-color: #ffcd46;color: #ffcd46;\" onmouseleave=\"this.style.borderColor='#ffcd46';this.style.backgroundColor='transparent';this.style.color='#ffcd46';\" onmouseenter=\"this.style.backgroundColor='#ffcd46';this.style.color='#ffffff';\" href=\"http:\/\/coti-conference.com\/en\/recommendations\/\" target=\"_self\">Coti Conference&#039;s references<\/a><\/div> <\/div><\/div><\/div><\/div><\/div><\/div>[vc_empty_space height=&#8221;75px&#8221;]<\/div><\/div><\/div>[\/vc_column][\/vc_row]<\/p>\n<\/section>","protected":false},"excerpt":{"rendered":"<p>[vc_row css=&#8221;.vc_custom_1458232460397{margin-bottom: 0px !important;}&#8221;][vc_column][\/vc_column][\/vc_row][vc_row][vc_column width=&#8221;1\/2&#8243;][vc_column_text] Let&#8217;s get to know each other [\/vc_column_text][vc_column_text]Ladies and Gentlemen, our solutions, experience and ideas will&#8230;<\/p>\n","protected":false},"author":1,"featured_media":0,"parent":0,"menu_order":0,"comment_status":"closed","ping_status":"closed","template":"","meta":[],"yoast_head":"<!-- This site is optimized with the Yoast SEO plugin v19.14 - https:\/\/yoast.com\/wordpress\/plugins\/seo\/ -->\n<title>Contact | Coti-Conference<\/title>\n<meta name=\"description\" content=\"Contact details of the Coti-Conference event agency. Organization of scientific conferences, congresses and events. Tel. + 48-504-004-517 | Coti-Conference\" \/>\n<meta name=\"robots\" content=\"index, follow, max-snippet:-1, max-image-preview:large, max-video-preview:-1\" \/>\n<link rel=\"canonical\" href=\"https:\/\/coti-conference.com\/en\/contact\/\" \/>\n<meta property=\"og:locale\" content=\"pl_PL\" \/>\n<meta property=\"og:type\" content=\"article\" \/>\n<meta property=\"og:title\" content=\"Contact | Coti-Conference\" \/>\n<meta property=\"og:description\" content=\"Contact details of the Coti-Conference event agency. Organization of scientific conferences, congresses and events. Tel. + 48-504-004-517 | Coti-Conference\" \/>\n<meta property=\"og:url\" content=\"https:\/\/coti-conference.com\/en\/contact\/\" \/>\n<meta property=\"og:site_name\" content=\"Coti Conference | Organizacja kongres\u00f3w| Konferencji | Event\u00f3w firmowych\" \/>\n<meta property=\"article:modified_time\" content=\"2024-12-21T10:32:45+00:00\" \/>\n<meta name=\"twitter:card\" content=\"summary_large_image\" \/>\n<meta name=\"twitter:label1\" content=\"Szacowany czas czytania\" \/>\n\t<meta name=\"twitter:data1\" content=\"2 minuty\" \/>\n<script type=\"application\/ld+json\" class=\"yoast-schema-graph\">{\"@context\":\"https:\/\/schema.org\",\"@graph\":[{\"@type\":\"WebPage\",\"@id\":\"https:\/\/coti-conference.com\/en\/contact\/\",\"url\":\"https:\/\/coti-conference.com\/en\/contact\/\",\"name\":\"Contact | Coti-Conference\",\"isPartOf\":{\"@id\":\"https:\/\/coti-conference.com\/en\/#website\"},\"datePublished\":\"2016-03-17T15:21:03+00:00\",\"dateModified\":\"2024-12-21T10:32:45+00:00\",\"description\":\"Contact details of the Coti-Conference event agency. Organization of scientific conferences, congresses and events. Tel. + 48-504-004-517 | Coti-Conference\",\"breadcrumb\":{\"@id\":\"https:\/\/coti-conference.com\/en\/contact\/#breadcrumb\"},\"inLanguage\":\"pl-PL\",\"potentialAction\":[{\"@type\":\"ReadAction\",\"target\":[\"https:\/\/coti-conference.com\/en\/contact\/\"]}]},{\"@type\":\"BreadcrumbList\",\"@id\":\"https:\/\/coti-conference.com\/en\/contact\/#breadcrumb\",\"itemListElement\":[{\"@type\":\"ListItem\",\"position\":1,\"name\":\"Strona g\u0142\u00f3wna\",\"item\":\"https:\/\/coti-conference.com\/en\/\"},{\"@type\":\"ListItem\",\"position\":2,\"name\":\"Contact\"}]},{\"@type\":\"WebSite\",\"@id\":\"https:\/\/coti-conference.com\/en\/#website\",\"url\":\"https:\/\/coti-conference.com\/en\/\",\"name\":\"Coti Conference | Organizacja kongres\u00f3w| Konferencji | Event\u00f3w firmowych\",\"description\":\"Profesjonalna organizacji kongres\u00f3w i konferencji naukowych i specjalistycznych. Pe\u0142na obs\u0142uga finansowa wydarze\u0144 i unikalny system oceny artyku\u0142\u00f3w. Formu\u0142a od A do Z.\",\"potentialAction\":[{\"@type\":\"SearchAction\",\"target\":{\"@type\":\"EntryPoint\",\"urlTemplate\":\"https:\/\/coti-conference.com\/en\/?s={search_term_string}\"},\"query-input\":\"required name=search_term_string\"}],\"inLanguage\":\"pl-PL\"}]}<\/script>\n<!-- \/ Yoast SEO plugin. -->","yoast_head_json":{"title":"Contact | Coti-Conference","description":"Contact details of the Coti-Conference event agency. Organization of scientific conferences, congresses and events. Tel. + 48-504-004-517 | Coti-Conference","robots":{"index":"index","follow":"follow","max-snippet":"max-snippet:-1","max-image-preview":"max-image-preview:large","max-video-preview":"max-video-preview:-1"},"canonical":"https:\/\/coti-conference.com\/en\/contact\/","og_locale":"pl_PL","og_type":"article","og_title":"Contact | Coti-Conference","og_description":"Contact details of the Coti-Conference event agency. Organization of scientific conferences, congresses and events. Tel. + 48-504-004-517 | Coti-Conference","og_url":"https:\/\/coti-conference.com\/en\/contact\/","og_site_name":"Coti Conference | Organizacja kongres\u00f3w| Konferencji | Event\u00f3w firmowych","article_modified_time":"2024-12-21T10:32:45+00:00","twitter_card":"summary_large_image","twitter_misc":{"Szacowany czas czytania":"2 minuty"},"schema":{"@context":"https:\/\/schema.org","@graph":[{"@type":"WebPage","@id":"https:\/\/coti-conference.com\/en\/contact\/","url":"https:\/\/coti-conference.com\/en\/contact\/","name":"Contact | Coti-Conference","isPartOf":{"@id":"https:\/\/coti-conference.com\/en\/#website"},"datePublished":"2016-03-17T15:21:03+00:00","dateModified":"2024-12-21T10:32:45+00:00","description":"Contact details of the Coti-Conference event agency. Organization of scientific conferences, congresses and events. Tel. + 48-504-004-517 | Coti-Conference","breadcrumb":{"@id":"https:\/\/coti-conference.com\/en\/contact\/#breadcrumb"},"inLanguage":"pl-PL","potentialAction":[{"@type":"ReadAction","target":["https:\/\/coti-conference.com\/en\/contact\/"]}]},{"@type":"BreadcrumbList","@id":"https:\/\/coti-conference.com\/en\/contact\/#breadcrumb","itemListElement":[{"@type":"ListItem","position":1,"name":"Strona g\u0142\u00f3wna","item":"https:\/\/coti-conference.com\/en\/"},{"@type":"ListItem","position":2,"name":"Contact"}]},{"@type":"WebSite","@id":"https:\/\/coti-conference.com\/en\/#website","url":"https:\/\/coti-conference.com\/en\/","name":"Coti Conference | Organizacja kongres\u00f3w| Konferencji | Event\u00f3w firmowych","description":"Profesjonalna organizacji kongres\u00f3w i konferencji naukowych i specjalistycznych. Pe\u0142na obs\u0142uga finansowa wydarze\u0144 i unikalny system oceny artyku\u0142\u00f3w. Formu\u0142a od A do Z.","potentialAction":[{"@type":"SearchAction","target":{"@type":"EntryPoint","urlTemplate":"https:\/\/coti-conference.com\/en\/?s={search_term_string}"},"query-input":"required name=search_term_string"}],"inLanguage":"pl-PL"}]}},"_links":{"self":[{"href":"https:\/\/coti-conference.com\/en\/wp-json\/wp\/v2\/pages\/13412"}],"collection":[{"href":"https:\/\/coti-conference.com\/en\/wp-json\/wp\/v2\/pages"}],"about":[{"href":"https:\/\/coti-conference.com\/en\/wp-json\/wp\/v2\/types\/page"}],"author":[{"embeddable":true,"href":"https:\/\/coti-conference.com\/en\/wp-json\/wp\/v2\/users\/1"}],"replies":[{"embeddable":true,"href":"https:\/\/coti-conference.com\/en\/wp-json\/wp\/v2\/comments?post=13412"}],"version-history":[{"count":60,"href":"https:\/\/coti-conference.com\/en\/wp-json\/wp\/v2\/pages\/13412\/revisions"}],"predecessor-version":[{"id":25493,"href":"https:\/\/coti-conference.com\/en\/wp-json\/wp\/v2\/pages\/13412\/revisions\/25493"}],"wp:attachment":[{"href":"https:\/\/coti-conference.com\/en\/wp-json\/wp\/v2\/media?parent=13412"}],"curies":[{"name":"wp","href":"https:\/\/api.w.org\/{rel}","templated":true}]}}